{"id":217,"date":"2022-12-23T23:02:31","date_gmt":"2022-12-23T23:02:31","guid":{"rendered":"https:\/\/around-albania.com\/?page_id=217"},"modified":"2026-04-28T21:18:58","modified_gmt":"2026-04-28T21:18:58","slug":"contact","status":"publish","type":"page","link":"https:\/\/around-albania.com\/fr\/contact\/","title":{"rendered":"Contact"},"content":{"rendered":"<div data-elementor-type=\"wp-page\" data-elementor-id=\"217\" class=\"elementor elementor-217\">\n\t\t\t\t\t\t<section class=\"elementor-section elementor-top-section elementor-element elementor-element-3ce7155 elementor-section-boxed elementor-section-height-default elementor-section-height-default sc_fly_static\" data-id=\"3ce7155\" data-element_type=\"section\" data-e-type=\"section\">\n\t\t\t\t\t\t<div class=\"elementor-container elementor-column-gap-extended\">\n\t\t\t\t\t<div class=\"elementor-column elementor-col-100 elementor-top-column elementor-element elementor-element-0fdf137 sc_content_align_inherit sc_layouts_column_icons_position_left sc_fly_static\" data-id=\"0fdf137\" data-element_type=\"column\" data-e-type=\"column\">\n\t\t\t<div class=\"elementor-widget-wrap elementor-element-populated\">\n\t\t\t\t\t\t<div class=\"elementor-element elementor-element-215ed668 sc_height_huge sc_fly_static elementor-widget elementor-widget-spacer\" data-id=\"215ed668\" data-element_type=\"widget\" data-e-type=\"widget\" data-widget_type=\"spacer.default\">\n\t\t\t\t<div class=\"elementor-widget-container\">\n\t\t\t\t\t\t\t<div class=\"elementor-spacer\">\n\t\t\t<div class=\"elementor-spacer-inner\"><\/div>\n\t\t<\/div>\n\t\t\t\t\t\t<\/div>\n\t\t\t\t<\/div>\n\t\t\t\t<div class=\"elementor-element elementor-element-21bca1a sc_layouts_hide_on_notebook sc_layouts_hide_on_tablet sc_layouts_hide_on_mobile sc_fly_static elementor-widget elementor-widget-spacer\" data-id=\"21bca1a\" data-element_type=\"widget\" data-e-type=\"widget\" data-widget_type=\"spacer.default\">\n\t\t\t\t<div class=\"elementor-widget-container\">\n\t\t\t\t\t\t\t<div class=\"elementor-spacer\">\n\t\t\t<div class=\"elementor-spacer-inner\"><\/div>\n\t\t<\/div>\n\t\t\t\t\t\t<\/div>\n\t\t\t\t<\/div>\n\t\t\t\t\t<\/div>\n\t\t<\/div>\n\t\t\t\t\t<\/div>\n\t\t<\/section>\n\t\t\t\t<section class=\"elementor-section elementor-top-section elementor-element elementor-element-0b3d49d elementor-section-boxed elementor-section-height-default elementor-section-height-default sc_fly_static\" data-id=\"0b3d49d\" data-element_type=\"section\" data-e-type=\"section\">\n\t\t\t\t\t\t<div class=\"elementor-container elementor-column-gap-extended\">\n\t\t\t\t\t<div class=\"elementor-column elementor-col-50 elementor-top-column elementor-element elementor-element-02be1e4 sc_content_align_inherit sc_layouts_column_icons_position_left sc_fly_static\" data-id=\"02be1e4\" data-element_type=\"column\" data-e-type=\"column\">\n\t\t\t<div class=\"elementor-widget-wrap elementor-element-populated\">\n\t\t\t\t\t\t<div class=\"elementor-element elementor-element-23be322e sc_fly_static elementor-widget elementor-widget-trx_sc_title\" data-id=\"23be322e\" data-element_type=\"widget\" data-e-type=\"widget\" data-widget_type=\"trx_sc_title.default\">\n\t\t\t\t<div class=\"elementor-widget-container\">\n\t\t\t\t\t<div\t\tclass=\"sc_title sc_title_shadow\" ><span class=\"sc_item_subtitle sc_title_subtitle sc_item_subtitle_above sc_item_title_style_shadow\">Nous contacter<\/span><h2 class=\"sc_item_title sc_title_title sc_item_title_style_shadow trx_addons_inline_1139590041\"\n\t\t\t><span class=\"sc_item_title_text\">Des questions ? <br>Contactez-nous !<\/span><\/h2><div class=\"sc_item_descr sc_title_descr\"><p>Que vous recherchiez des recommandations personnalis\u00e9es, une aide \u00e0 la planification sur mesure ou un voyage enti\u00e8rement con\u00e7u selon vos d\u00e9sirs, nous sommes l\u00e0 pour cr\u00e9er une exp\u00e9rience qui vous est propre.<\/p>\n<p>Contactez-nous \u00e0 votre convenance, nous sommes impatients d'am\u00e9liorer votre exp\u00e9rience de voyage et de cr\u00e9er quelque chose de vraiment inoubliable.<\/p>\n<\/div><\/div>\t\t\t\t<\/div>\n\t\t\t\t<\/div>\n\t\t\t\t<div class=\"elementor-element elementor-element-4319a8d sc_fly_static elementor-widget elementor-widget-spacer\" data-id=\"4319a8d\" data-element_type=\"widget\" data-e-type=\"widget\" data-widget_type=\"spacer.default\">\n\t\t\t\t<div class=\"elementor-widget-container\">\n\t\t\t\t\t\t\t<div class=\"elementor-spacer\">\n\t\t\t<div class=\"elementor-spacer-inner\"><\/div>\n\t\t<\/div>\n\t\t\t\t\t\t<\/div>\n\t\t\t\t<\/div>\n\t\t\t\t<div class=\"elementor-element elementor-element-329e7b19 sc_fly_static elementor-widget elementor-widget-trx_sc_icons\" data-id=\"329e7b19\" data-element_type=\"widget\" data-e-type=\"widget\" data-widget_type=\"trx_sc_icons.default\">\n\t\t\t\t<div class=\"elementor-widget-container\">\n\t\t\t\t\t<div \tclass=\"sc_icons sc_icons_simple sc_icons_size_small sc_align_none\" ><div class=\"sc_icons_item\"><div class=\"sc_icons_icon sc_icon_type_ icon-marker\" style=\"color: #C9A84C\" ><span class=\"sc_icon_type_ icon-marker\" style=\"color: #C9A84C\"><\/span><\/div><div class=\"sc_icons_item_details\"><div class=\"sc_icons_item_description\"><span>Tiran\u00eb, Albanie<\/span><\/div><\/div><\/div><div class=\"sc_icons_item sc_icons_item_linked\"><div class=\"sc_icons_icon sc_icon_type_ icon-iphone\" style=\"color: #C9A84C\" ><span class=\"sc_icon_type_ icon-iphone\" style=\"color: #C9A84C\"><\/span><\/div><div class=\"sc_icons_item_details\"><div class=\"sc_icons_item_description\"><span>+355 69 749 8771<\/span><span><\/span><span><\/span><\/div><a href=\"tel:+355%2069%20749%208771\"\n                        class=\"sc_icons_item_link\">\n                        <\/a><\/div><\/div><div class=\"sc_icons_item sc_icons_item_linked\"><div class=\"sc_icons_icon sc_icon_type_ icon-iphone\" style=\"color: #C9A84C\" ><span class=\"sc_icon_type_ icon-iphone\" style=\"color: #C9A84C\"><\/span><\/div><div class=\"sc_icons_item_details\"><div class=\"sc_icons_item_description\"><span>+355 68 452 4022<\/span><\/div><a href=\"tel:+355%2068%20452%204022\"\n                        class=\"sc_icons_item_link\">\n                        <\/a><\/div><\/div><div class=\"sc_icons_item\"><div class=\"sc_icons_icon sc_icon_type_ icon-envelope-2\" style=\"color: #C9A84C\" ><span class=\"sc_icon_type_ icon-envelope-2\" style=\"color: #C9A84C\"><\/span><\/div><div class=\"sc_icons_item_details\"><div class=\"sc_icons_item_description\"><span><a href=\"mailto:info@around-albania.com\">info@around-albania.com<\/a><\/span><\/div><\/div><\/div><\/div><!-- \/.sc_icons -->\t\t\t\t<\/div>\n\t\t\t\t<\/div>\n\t\t\t\t\t<\/div>\n\t\t<\/div>\n\t\t\t\t<div class=\"elementor-column elementor-col-50 elementor-top-column elementor-element elementor-element-5322d67 sc_content_align_inherit sc_layouts_column_icons_position_left sc_fly_static\" data-id=\"5322d67\" data-element_type=\"column\" data-e-type=\"column\">\n\t\t\t<div class=\"elementor-widget-wrap elementor-element-populated\">\n\t\t\t\t\t\t<div class=\"elementor-element elementor-element-5ca27077 sc_fly_static elementor-widget elementor-widget-spacer\" data-id=\"5ca27077\" data-element_type=\"widget\" data-e-type=\"widget\" data-widget_type=\"spacer.default\">\n\t\t\t\t<div class=\"elementor-widget-container\">\n\t\t\t\t\t\t\t<div class=\"elementor-spacer\">\n\t\t\t<div class=\"elementor-spacer-inner\"><\/div>\n\t\t<\/div>\n\t\t\t\t\t\t<\/div>\n\t\t\t\t<\/div>\n\t\t\t\t<div class=\"elementor-element elementor-element-1f97b2dc scheme_default sc_fly_static elementor-widget elementor-widget-trx_sc_contact_form_7\" data-id=\"1f97b2dc\" data-element_type=\"widget\" data-e-type=\"widget\" data-widget_type=\"trx_sc_contact_form_7.default\">\n\t\t\t\t<div class=\"elementor-widget-container\">\n\t\t\t\t\t\n<div class=\"wpcf7 no-js\" id=\"wpcf7-f225-o1\" lang=\"en-US\" dir=\"ltr\" data-wpcf7-id=\"225\">\n<div class=\"screen-reader-response\"><p role=\"status\" aria-live=\"polite\" aria-atomic=\"true\"><\/p> <ul><\/ul><\/div>\n<form action=\"\/fr\/wp-json\/wp\/v2\/pages\/217#wpcf7-f225-o1\" method=\"post\" class=\"wpcf7-form init\" aria-label=\"Contact form\" novalidate=\"novalidate\" data-status=\"init\" data-trp-original-action=\"\/fr\/wp-json\/wp\/v2\/pages\/217#wpcf7-f225-o1\">\n<fieldset class=\"hidden-fields-container\"><input type=\"hidden\" name=\"_wpcf7\" value=\"225\" \/><input type=\"hidden\" name=\"_wpcf7_version\" value=\"6.1.5\" \/><input type=\"hidden\" name=\"_wpcf7_locale\" value=\"en_US\" \/><input type=\"hidden\" name=\"_wpcf7_unit_tag\" value=\"wpcf7-f225-o1\" \/><input type=\"hidden\" name=\"_wpcf7_container_post\" value=\"0\" \/><input type=\"hidden\" name=\"_wpcf7_posted_data_hash\" value=\"\" \/>\n<\/fieldset>\n<div class=\"form-style-1\">\n\t<div class=\"columns_wrap\">\n\t\t<div class=\"column-1_2\">\n\t\t\t<p><span class=\"style-line icon-name\"><span class=\"wpcf7-form-control-wrap\" data-name=\"your-name\"><input size=\"40\" maxlength=\"400\" class=\"wpcf7-form-control wpcf7-text wpcf7-validates-as-required\" aria-required=\"true\" aria-invalid=\"false\" placeholder=\"Nom\" value=\"\" type=\"text\" name=\"your-name\" \/><\/span><\/span>\n\t\t\t<\/p>\n\t\t<\/div>\n\t\t<div class=\"column-1_2\">\n\t\t\t<p><span class=\"style-line icon-email\"><span class=\"wpcf7-form-control-wrap\" data-name=\"your-email\"><input size=\"40\" maxlength=\"400\" class=\"wpcf7-form-control wpcf7-email wpcf7-validates-as-required wpcf7-text wpcf7-validates-as-email\" aria-required=\"true\" aria-invalid=\"false\" placeholder=\"Adresse e-mail\" value=\"\" type=\"email\" name=\"your-email\" \/><\/span><\/span>\n\t\t\t<\/p>\n\t\t<\/div>\n\t<\/div>\n\t<div class=\"columns_wrap\">\n\t\t<div class=\"column-1_2\">\n\t\t\t<p><span class=\"style-line icon-phone\"><span class=\"wpcf7-form-control-wrap\" data-name=\"phone\"><input size=\"40\" maxlength=\"400\" class=\"wpcf7-form-control wpcf7-tel wpcf7-validates-as-required wpcf7-text wpcf7-validates-as-tel\" aria-required=\"true\" aria-invalid=\"false\" placeholder=\"T\u00e9l\u00e9phone\" value=\"\" type=\"tel\" name=\"phone\" \/><\/span><\/span>\n\t\t\t<\/p>\n\t\t<\/div>\n\t\t<div class=\"column-1_2\">\n\t\t\t<p><span class=\"style-line icon-subject\"><span class=\"wpcf7-form-control-wrap\" data-name=\"subject\"><input size=\"40\" maxlength=\"400\" class=\"wpcf7-form-control wpcf7-text wpcf7-validates-as-required\" aria-required=\"true\" aria-invalid=\"false\" placeholder=\"Objet\" value=\"\" type=\"text\" name=\"subject\" \/><\/span><\/span>\n\t\t\t<\/p>\n\t\t<\/div>\n\t<\/div>\n\t<div class=\"columns_wrap margin-bottom\">\n\t\t<div class=\"column-1_1\">\n\t\t\t<p><span class=\"style-line icon-textarea\"><span class=\"wpcf7-form-control-wrap\" data-name=\"your-message\"><textarea cols=\"40\" rows=\"10\" maxlength=\"2000\" class=\"wpcf7-form-control wpcf7-textarea wpcf7-validates-as-required\" aria-required=\"true\" aria-invalid=\"false\" placeholder=\"Comment pouvons-nous vous aider ? N&#039;h\u00e9sitez pas \u00e0 nous contacter !\" name=\"your-message\"><\/textarea><\/span><\/span>\n\t\t\t<\/p>\n\t\t<\/div>\n\t<\/div>\n\t<p><input class=\"wpcf7-form-control wpcf7-submit has-spinner\" type=\"submit\" value=\"Contactez-nous\" \/><span class=\"wpcf7-form-control-wrap\" data-name=\"acceptance\"><span class=\"wpcf7-form-control wpcf7-acceptance\"><span class=\"wpcf7-list-item\"><label><input type=\"checkbox\" name=\"acceptance\" value=\"1\" aria-invalid=\"false\" \/><span class=\"wpcf7-list-item-label\">Je suis d'accord avec le <a href=\"\/fr\/privacy-policy\/\">Politique de confidentialit\u00e9<\/a>.<\/span><\/label><\/span><\/span><\/span>\n\t<\/p>\n<\/div><div class=\"wpcf7-response-output\" aria-hidden=\"true\"><\/div>\n<input type=\"hidden\" name=\"trp-form-language\" value=\"fr\"\/><\/form>\n<\/div>\n\t\t\t\t<\/div>\n\t\t\t\t<\/div>\n\t\t\t\t\t<\/div>\n\t\t<\/div>\n\t\t\t\t\t<\/div>\n\t\t<\/section>\n\t\t\t\t<section class=\"elementor-section elementor-top-section elementor-element elementor-element-671ba18 elementor-section-boxed elementor-section-height-default elementor-section-height-default sc_fly_static\" data-id=\"671ba18\" data-element_type=\"section\" data-e-type=\"section\">\n\t\t\t\t\t\t<div class=\"elementor-container elementor-column-gap-extended\">\n\t\t\t\t\t<div class=\"elementor-column elementor-col-100 elementor-top-column elementor-element elementor-element-70f60ea sc_content_align_inherit sc_layouts_column_icons_position_left sc_fly_static\" data-id=\"70f60ea\" data-element_type=\"column\" data-e-type=\"column\">\n\t\t\t<div class=\"elementor-widget-wrap elementor-element-populated\">\n\t\t\t\t\t\t<div class=\"elementor-element elementor-element-47dac96 sc_height_huge sc_fly_static elementor-widget elementor-widget-spacer\" data-id=\"47dac96\" data-element_type=\"widget\" data-e-type=\"widget\" data-widget_type=\"spacer.default\">\n\t\t\t\t<div class=\"elementor-widget-container\">\n\t\t\t\t\t\t\t<div class=\"elementor-spacer\">\n\t\t\t<div class=\"elementor-spacer-inner\"><\/div>\n\t\t<\/div>\n\t\t\t\t\t\t<\/div>\n\t\t\t\t<\/div>\n\t\t\t\t<div class=\"elementor-element elementor-element-f25cb8a sc_layouts_hide_on_notebook sc_layouts_hide_on_tablet sc_layouts_hide_on_mobile sc_fly_static elementor-widget elementor-widget-spacer\" data-id=\"f25cb8a\" data-element_type=\"widget\" data-e-type=\"widget\" data-widget_type=\"spacer.default\">\n\t\t\t\t<div class=\"elementor-widget-container\">\n\t\t\t\t\t\t\t<div class=\"elementor-spacer\">\n\t\t\t<div class=\"elementor-spacer-inner\"><\/div>\n\t\t<\/div>\n\t\t\t\t\t\t<\/div>\n\t\t\t\t<\/div>\n\t\t\t\t\t<\/div>\n\t\t<\/div>\n\t\t\t\t\t<\/div>\n\t\t<\/section>\n\t\t\t\t<section class=\"elementor-section elementor-top-section elementor-element elementor-element-2a16bc2 elementor-section-full_width elementor-section-height-default elementor-section-height-default sc_fly_static\" data-id=\"2a16bc2\" data-element_type=\"section\" data-e-type=\"section\">\n\t\t\t\t\t\t<div class=\"elementor-container elementor-column-gap-no\">\n\t\t\t\t\t<div class=\"elementor-column elementor-col-100 elementor-top-column elementor-element elementor-element-d0d008f sc_content_align_inherit sc_layouts_column_icons_position_left sc_fly_static\" data-id=\"d0d008f\" data-element_type=\"column\" data-e-type=\"column\">\n\t\t\t<div class=\"elementor-widget-wrap elementor-element-populated\">\n\t\t\t\t\t\t<div class=\"elementor-element elementor-element-2b3b184 sc_fly_static elementor-widget elementor-widget-html\" data-id=\"2b3b184\" data-element_type=\"widget\" data-e-type=\"widget\" data-widget_type=\"html.default\">\n\t\t\t\t<div class=\"elementor-widget-container\">\n\t\t\t\t\t<div style=\"position:relative;width:100%;font-family:'Montserrat',sans-serif;\">\n  <iframe \n    src=\"https:\/\/www.google.com\/maps\/embed?pb=!1m18!1m12!1m3!1d47934.065942269146!2d19.776623747996386!3d41.33324180407416!2m3!1f0!2f0!3f0!3m2!1i1024!2i768!4f13.1!3m3!1m2!1s0x810fc56a5e219789%3A0x2be83b3695507489!2sAround%20Albania!5e0!3m2!1sen!2s!4v1775810700812!5m2!1sen!2s\"\n    width=\"100%\" height=\"450\" style=\"border:0;display:block;\" allowfullscreen=\"\" loading=\"lazy\" referrerpolicy=\"no-referrer-when-downgrade\">\n  <\/iframe>\n  <div style=\"position:absolute;bottom:0;left:0;right:0;padding:18px 24px;background:linear-gradient(to top, rgba(8,8,8,0.92) 60%, transparent);pointer-events:none;\">\n    <p style=\"margin:0 0 2px;font-size:10px;letter-spacing:0.15em;color:#C9A84C;text-transform:uppercase;\">Trouvez-nous<\/p>\n    <p style=\"margin:0;font-size:15px;font-weight:500;color:#F5F0E8;letter-spacing:0.05em;\">Around Albania \u2014 Tirana<\/p>\n  <\/div>\n<\/div>\t\t\t\t<\/div>\n\t\t\t\t<\/div>\n\t\t\t\t\t<\/div>\n\t\t<\/div>\n\t\t\t\t\t<\/div>\n\t\t<\/section>\n\t\t\t\t<\/div>","protected":false},"excerpt":{"rendered":"<p>Contact Us Have questions? Get in touch! Whether you seek curated recommendations, personalized planning assistance, or&hellip;<\/p>","protected":false},"author":1,"featured_media":0,"parent":0,"menu_order":0,"comment_status":"closed","ping_status":"closed","template":"","meta":{"_joinchat":[],"footnotes":""},"class_list":["post-217","page","type-page","status-publish","hentry"],"yoast_head":"<!-- This site is optimized with the Yoast SEO plugin v27.6 - https:\/\/yoast.com\/product\/yoast-seo-wordpress\/ -->\n<title>Contact | Around Albania | Private Luxury Travel<\/title>\n<meta name=\"description\" content=\"Plan your private journey through Albania. Reach out to our team for bespoke travel experiences, curated recommendations, and personalized itineraries.\" \/>\n<meta name=\"robots\" content=\"index, follow, max-snippet:-1, max-image-preview:large, max-video-preview:-1\" \/>\n<link rel=\"canonical\" href=\"https:\/\/around-albania.com\/fr\/contact\/\" \/>\n<meta property=\"og:locale\" content=\"fr_FR\" \/>\n<meta property=\"og:type\" content=\"article\" \/>\n<meta property=\"og:title\" content=\"Contact | Around Albania\" \/>\n<meta property=\"og:description\" content=\"Plan your private journey through Albania. Reach out to our team for bespoke travel experiences, curated recommendations, and personalized itineraries.\" \/>\n<meta property=\"og:url\" content=\"https:\/\/around-albania.com\/fr\/contact\/\" \/>\n<meta property=\"og:site_name\" content=\"Around Albania\" \/>\n<meta property=\"article:publisher\" content=\"https:\/\/www.facebook.com\/people\/Around-Albania\/61559619650718\/\" \/>\n<meta property=\"article:modified_time\" content=\"2026-04-28T21:18:58+00:00\" \/>\n<meta property=\"og:image\" content=\"https:\/\/around-albania.com\/wp-content\/uploads\/2026\/04\/favi.png\" \/>\n\t<meta property=\"og:image:width\" content=\"1024\" \/>\n\t<meta property=\"og:image:height\" content=\"1024\" \/>\n\t<meta property=\"og:image:type\" content=\"image\/png\" \/>\n<meta name=\"twitter:card\" content=\"summary_large_image\" \/>\n<meta name=\"twitter:label1\" content=\"Dur\u00e9e de lecture estim\u00e9e\" \/>\n\t<meta name=\"twitter:data1\" content=\"1 minute\" \/>\n<script type=\"application\/ld+json\" class=\"yoast-schema-graph\">{\"@context\":\"https:\\\/\\\/schema.org\",\"@graph\":[{\"@type\":\"WebPage\",\"@id\":\"https:\\\/\\\/around-albania.com\\\/contact\\\/\",\"url\":\"https:\\\/\\\/around-albania.com\\\/contact\\\/\",\"name\":\"Contact | Around Albania | Private Luxury Travel\",\"isPartOf\":{\"@id\":\"https:\\\/\\\/around-albania.com\\\/#website\"},\"datePublished\":\"2022-12-23T23:02:31+00:00\",\"dateModified\":\"2026-04-28T21:18:58+00:00\",\"description\":\"Plan your private journey through Albania. Reach out to our team for bespoke travel experiences, curated recommendations, and personalized itineraries.\",\"breadcrumb\":{\"@id\":\"https:\\\/\\\/around-albania.com\\\/contact\\\/#breadcrumb\"},\"inLanguage\":\"fr-FR\",\"potentialAction\":[{\"@type\":\"ReadAction\",\"target\":[\"https:\\\/\\\/around-albania.com\\\/contact\\\/\"]}]},{\"@type\":\"BreadcrumbList\",\"@id\":\"https:\\\/\\\/around-albania.com\\\/contact\\\/#breadcrumb\",\"itemListElement\":[{\"@type\":\"ListItem\",\"position\":1,\"name\":\"Home\",\"item\":\"https:\\\/\\\/around-albania.com\\\/\"},{\"@type\":\"ListItem\",\"position\":2,\"name\":\"Contact\"}]},{\"@type\":\"WebSite\",\"@id\":\"https:\\\/\\\/around-albania.com\\\/#website\",\"url\":\"https:\\\/\\\/around-albania.com\\\/\",\"name\":\"Around Albania\",\"description\":\"\",\"publisher\":{\"@id\":\"https:\\\/\\\/around-albania.com\\\/#organization\"},\"potentialAction\":[{\"@type\":\"SearchAction\",\"target\":{\"@type\":\"EntryPoint\",\"urlTemplate\":\"https:\\\/\\\/around-albania.com\\\/?s={search_term_string}\"},\"query-input\":{\"@type\":\"PropertyValueSpecification\",\"valueRequired\":true,\"valueName\":\"search_term_string\"}}],\"inLanguage\":\"fr-FR\"},{\"@type\":\"Organization\",\"@id\":\"https:\\\/\\\/around-albania.com\\\/#organization\",\"name\":\"Around Albania\",\"url\":\"https:\\\/\\\/around-albania.com\\\/\",\"logo\":{\"@type\":\"ImageObject\",\"inLanguage\":\"fr-FR\",\"@id\":\"https:\\\/\\\/around-albania.com\\\/#\\\/schema\\\/logo\\\/image\\\/\",\"url\":\"https:\\\/\\\/around-albania.com\\\/wp-content\\\/uploads\\\/2026\\\/04\\\/logo.png\",\"contentUrl\":\"https:\\\/\\\/around-albania.com\\\/wp-content\\\/uploads\\\/2026\\\/04\\\/logo.png\",\"width\":500,\"height\":500,\"caption\":\"Around Albania\"},\"image\":{\"@id\":\"https:\\\/\\\/around-albania.com\\\/#\\\/schema\\\/logo\\\/image\\\/\"},\"sameAs\":[\"https:\\\/\\\/www.facebook.com\\\/people\\\/Around-Albania\\\/61559619650718\\\/\",\"https:\\\/\\\/www.instagram.com\\\/around_albaniaa\\\/\"]}]}<\/script>\n<!-- \/ Yoast SEO plugin. -->","yoast_head_json":{"title":"Contact | Around Albania | Private Luxury Travel","description":"Plan your private journey through Albania. Reach out to our team for bespoke travel experiences, curated recommendations, and personalized itineraries.","robots":{"index":"index","follow":"follow","max-snippet":"max-snippet:-1","max-image-preview":"max-image-preview:large","max-video-preview":"max-video-preview:-1"},"canonical":"https:\/\/around-albania.com\/fr\/contact\/","og_locale":"fr_FR","og_type":"article","og_title":"Contact | Around Albania","og_description":"Plan your private journey through Albania. Reach out to our team for bespoke travel experiences, curated recommendations, and personalized itineraries.","og_url":"https:\/\/around-albania.com\/fr\/contact\/","og_site_name":"Around Albania","article_publisher":"https:\/\/www.facebook.com\/people\/Around-Albania\/61559619650718\/","article_modified_time":"2026-04-28T21:18:58+00:00","og_image":[{"width":1024,"height":1024,"url":"https:\/\/around-albania.com\/wp-content\/uploads\/2026\/04\/favi.png","type":"image\/png"}],"twitter_card":"summary_large_image","twitter_misc":{"Dur\u00e9e de lecture estim\u00e9e":"1 minute"},"schema":{"@context":"https:\/\/schema.org","@graph":[{"@type":"WebPage","@id":"https:\/\/around-albania.com\/contact\/","url":"https:\/\/around-albania.com\/contact\/","name":"Contact | Around Albania | Private Luxury Travel","isPartOf":{"@id":"https:\/\/around-albania.com\/#website"},"datePublished":"2022-12-23T23:02:31+00:00","dateModified":"2026-04-28T21:18:58+00:00","description":"Plan your private journey through Albania. Reach out to our team for bespoke travel experiences, curated recommendations, and personalized itineraries.","breadcrumb":{"@id":"https:\/\/around-albania.com\/contact\/#breadcrumb"},"inLanguage":"fr-FR","potentialAction":[{"@type":"ReadAction","target":["https:\/\/around-albania.com\/contact\/"]}]},{"@type":"BreadcrumbList","@id":"https:\/\/around-albania.com\/contact\/#breadcrumb","itemListElement":[{"@type":"ListItem","position":1,"name":"Home","item":"https:\/\/around-albania.com\/"},{"@type":"ListItem","position":2,"name":"Contact"}]},{"@type":"WebSite","@id":"https:\/\/around-albania.com\/#website","url":"https:\/\/around-albania.com\/","name":"Autour de l'Albanie","description":"","publisher":{"@id":"https:\/\/around-albania.com\/#organization"},"potentialAction":[{"@type":"SearchAction","target":{"@type":"EntryPoint","urlTemplate":"https:\/\/around-albania.com\/?s={search_term_string}"},"query-input":{"@type":"PropertyValueSpecification","valueRequired":true,"valueName":"search_term_string"}}],"inLanguage":"fr-FR"},{"@type":"Organization","@id":"https:\/\/around-albania.com\/#organization","name":"Autour de l'Albanie","url":"https:\/\/around-albania.com\/","logo":{"@type":"ImageObject","inLanguage":"fr-FR","@id":"https:\/\/around-albania.com\/#\/schema\/logo\/image\/","url":"https:\/\/around-albania.com\/wp-content\/uploads\/2026\/04\/logo.png","contentUrl":"https:\/\/around-albania.com\/wp-content\/uploads\/2026\/04\/logo.png","width":500,"height":500,"caption":"Around Albania"},"image":{"@id":"https:\/\/around-albania.com\/#\/schema\/logo\/image\/"},"sameAs":["https:\/\/www.facebook.com\/people\/Around-Albania\/61559619650718\/","https:\/\/www.instagram.com\/around_albaniaa\/"]}]}},"_links":{"self":[{"href":"https:\/\/around-albania.com\/fr\/wp-json\/wp\/v2\/pages\/217","targetHints":{"allow":["GET"]}}],"collection":[{"href":"https:\/\/around-albania.com\/fr\/wp-json\/wp\/v2\/pages"}],"about":[{"href":"https:\/\/around-albania.com\/fr\/wp-json\/wp\/v2\/types\/page"}],"author":[{"embeddable":true,"href":"https:\/\/around-albania.com\/fr\/wp-json\/wp\/v2\/users\/1"}],"replies":[{"embeddable":true,"href":"https:\/\/around-albania.com\/fr\/wp-json\/wp\/v2\/comments?post=217"}],"version-history":[{"count":0,"href":"https:\/\/around-albania.com\/fr\/wp-json\/wp\/v2\/pages\/217\/revisions"}],"wp:attachment":[{"href":"https:\/\/around-albania.com\/fr\/wp-json\/wp\/v2\/media?parent=217"}],"curies":[{"name":"wp","href":"https:\/\/api.w.org\/{rel}","templated":true}]}}