{"id":1272,"date":"2025-01-27T11:46:17","date_gmt":"2025-01-27T11:46:17","guid":{"rendered":"https:\/\/aroundalbania.growdevs.com\/?page_id=1272"},"modified":"2026-04-26T14:21:58","modified_gmt":"2026-04-26T14:21:58","slug":"terms-conditions","status":"publish","type":"page","link":"https:\/\/around-albania.com\/es\/terms-conditions\/","title":{"rendered":"T\u00e9rminos y Condiciones"},"content":{"rendered":"<h1 class=\"wp-block-heading\">T\u00e9rminos y Condiciones<\/h1>\n\n\n\n<p>Bienvenido a Around Albania. Al utilizar nuestros servicios, usted acepta los siguientes t\u00e9rminos y condiciones.<\/p>\n\n\n\n<p><strong>Informaci\u00f3n de la empresa<\/strong><strong><br><\/strong>Nombre: Alrededor de Albania<br>Correo electr\u00f3nico: info@around-albania.com<br>Tel\u00e9fono: +355 69 749 8771<br>Ubicaci\u00f3n: Tirana, Albania<\/p>\n\n\n\n<p><strong>Servicios que ofrecemos<\/strong><strong><br><\/strong>Ofrecemos:<\/p>\n\n\n\n<ul class=\"wp-block-list\">\n<li>Tours guiados por Albania<\/li>\n\n\n\n<li>Itinerarios y paquetes de viaje personalizados<\/li>\n\n\n\n<li>Arreglos de transporte y alojamiento<\/li>\n\n\n\n<li>Informaci\u00f3n y asistencia tur\u00edstica<\/li>\n\n\n\n<li>Tours grupales y privados para particulares y empresas<\/li>\n<\/ul>\n\n\n\n<p><strong>Pagos<\/strong><strong><br><\/strong>Aceptamos pagos a trav\u00e9s de:<\/p>\n\n\n\n<ul class=\"wp-block-list\">\n<li>Transferencia bancaria<\/li>\n\n\n\n<li>Pago en efectivo al llegar (donde sea aplicable)<\/li>\n<\/ul>\n\n\n\n<p><strong>Cancelaciones y Reembolsos<\/strong><strong><br><\/strong>Para cancelaciones, por favor cont\u00e1ctenos directamente para m\u00e1s informaci\u00f3n. Revisaremos cada situaci\u00f3n y le proporcionaremos detalles sobre nuestras pol\u00edticas de reembolso seg\u00fan las circunstancias.<\/p>\n\n\n\n<p><strong>Cambios en los tours<\/strong><strong><br><\/strong>Around Albania se reserva el derecho de realizar cambios en los tours programados debido a circunstancias imprevistas, como condiciones clim\u00e1ticas o problemas operativos. Se informar\u00e1 a los clientes de cualquier cambio significativo con antelaci\u00f3n y se ofrecer\u00e1n arreglos alternativos cuando sea posible.<\/p>\n\n\n\n<p><strong>Responsabilidad<\/strong><strong><br><\/strong>Si bien hacemos todo lo posible para garantizar la seguridad y la comodidad durante nuestros tours, Around Albania no se responsabiliza por ninguna lesi\u00f3n, accidente o p\u00e9rdida que ocurra durante los tours. Los participantes son responsables de su propia salud y seguridad. Recomendamos obtener un seguro de viaje.<\/p>\n\n\n\n<p><strong>Privacidad y Protecci\u00f3n de Datos<\/strong><strong><br><\/strong>Recopilamos datos personales a trav\u00e9s de los formularios de contacto de nuestro sitio web, que incluyen nombre completo, correo electr\u00f3nico, n\u00famero de tel\u00e9fono y cualquier mensaje adicional proporcionado por el visitante. Cumplimos con todos los protocolos de protecci\u00f3n de datos relevantes para salvaguardar su privacidad.<\/p>\n\n\n\n<p><strong>Modificaciones y actualizaciones<\/strong><strong><br><\/strong>Around Albania se reserva el derecho de modificar estos t\u00e9rminos y condiciones en cualquier momento. Cualquier actualizaci\u00f3n se publicar\u00e1 en nuestro sitio web oficial.<\/p>\n\n\n\n<p><strong>Resoluci\u00f3n de disputas<\/strong><strong><br><\/strong>Cualquier disputa entre las partes se resolver\u00e1 mediante negociaci\u00f3n o de conformidad con las leyes de la Rep\u00fablica de Albania.<\/p>\n\n\n\n<p>Si tiene alguna pregunta o inquietud, cont\u00e1ctenos para obtener m\u00e1s informaci\u00f3n.<\/p>","protected":false},"excerpt":{"rendered":"<p>Terms &amp; Conditions Welcome to Around Albania. By using our services, you agree to the following&hellip;<\/p>","protected":false},"author":1,"featured_media":0,"parent":0,"menu_order":0,"comment_status":"closed","ping_status":"closed","template":"","meta":{"_joinchat":[],"footnotes":""},"class_list":["post-1272","page","type-page","status-publish","hentry"],"yoast_head":"<!-- This site is optimized with the Yoast SEO plugin v27.6 - https:\/\/yoast.com\/product\/yoast-seo-wordpress\/ -->\n<title>Terms &amp; Conditions -<\/title>\n<meta name=\"robots\" content=\"noindex, follow\" \/>\n<meta property=\"og:locale\" content=\"es_ES\" \/>\n<meta property=\"og:type\" content=\"article\" \/>\n<meta property=\"og:title\" content=\"Terms &amp; Conditions -\" \/>\n<meta property=\"og:description\" content=\"Terms &amp; Conditions Welcome to Around Albania. By using our services, you agree to the following&hellip;\" \/>\n<meta property=\"og:url\" content=\"https:\/\/around-albania.com\/es\/terms-conditions\/\" \/>\n<meta property=\"og:site_name\" content=\"Around Albania\" \/>\n<meta property=\"article:publisher\" content=\"https:\/\/www.facebook.com\/people\/Around-Albania\/61559619650718\/\" \/>\n<meta property=\"article:modified_time\" content=\"2026-04-26T14:21:58+00:00\" \/>\n<meta property=\"og:image\" content=\"https:\/\/around-albania.com\/wp-content\/uploads\/2026\/04\/cropped-favi.png\" \/>\n\t<meta property=\"og:image:width\" content=\"512\" \/>\n\t<meta property=\"og:image:height\" content=\"512\" \/>\n\t<meta property=\"og:image:type\" content=\"image\/png\" \/>\n<meta name=\"twitter:card\" content=\"summary_large_image\" \/>\n<meta name=\"twitter:label1\" content=\"Tiempo de lectura\" \/>\n\t<meta name=\"twitter:data1\" content=\"2 minutos\" \/>\n<script type=\"application\/ld+json\" class=\"yoast-schema-graph\">{\"@context\":\"https:\\\/\\\/schema.org\",\"@graph\":[{\"@type\":\"WebPage\",\"@id\":\"https:\\\/\\\/around-albania.com\\\/terms-conditions\\\/\",\"url\":\"https:\\\/\\\/around-albania.com\\\/terms-conditions\\\/\",\"name\":\"Terms &amp; Conditions -\",\"isPartOf\":{\"@id\":\"https:\\\/\\\/around-albania.com\\\/#website\"},\"datePublished\":\"2025-01-27T11:46:17+00:00\",\"dateModified\":\"2026-04-26T14:21:58+00:00\",\"breadcrumb\":{\"@id\":\"https:\\\/\\\/around-albania.com\\\/terms-conditions\\\/#breadcrumb\"},\"inLanguage\":\"es\",\"potentialAction\":[{\"@type\":\"ReadAction\",\"target\":[\"https:\\\/\\\/around-albania.com\\\/terms-conditions\\\/\"]}]},{\"@type\":\"BreadcrumbList\",\"@id\":\"https:\\\/\\\/around-albania.com\\\/terms-conditions\\\/#breadcrumb\",\"itemListElement\":[{\"@type\":\"ListItem\",\"position\":1,\"name\":\"Home\",\"item\":\"https:\\\/\\\/around-albania.com\\\/\"},{\"@type\":\"ListItem\",\"position\":2,\"name\":\"Terms &amp; Conditions\"}]},{\"@type\":\"WebSite\",\"@id\":\"https:\\\/\\\/around-albania.com\\\/#website\",\"url\":\"https:\\\/\\\/around-albania.com\\\/\",\"name\":\"Around Albania\",\"description\":\"\",\"publisher\":{\"@id\":\"https:\\\/\\\/around-albania.com\\\/#organization\"},\"potentialAction\":[{\"@type\":\"SearchAction\",\"target\":{\"@type\":\"EntryPoint\",\"urlTemplate\":\"https:\\\/\\\/around-albania.com\\\/?s={search_term_string}\"},\"query-input\":{\"@type\":\"PropertyValueSpecification\",\"valueRequired\":true,\"valueName\":\"search_term_string\"}}],\"inLanguage\":\"es\"},{\"@type\":\"Organization\",\"@id\":\"https:\\\/\\\/around-albania.com\\\/#organization\",\"name\":\"Around Albania\",\"url\":\"https:\\\/\\\/around-albania.com\\\/\",\"logo\":{\"@type\":\"ImageObject\",\"inLanguage\":\"es\",\"@id\":\"https:\\\/\\\/around-albania.com\\\/#\\\/schema\\\/logo\\\/image\\\/\",\"url\":\"https:\\\/\\\/around-albania.com\\\/wp-content\\\/uploads\\\/2026\\\/04\\\/logo.png\",\"contentUrl\":\"https:\\\/\\\/around-albania.com\\\/wp-content\\\/uploads\\\/2026\\\/04\\\/logo.png\",\"width\":500,\"height\":500,\"caption\":\"Around Albania\"},\"image\":{\"@id\":\"https:\\\/\\\/around-albania.com\\\/#\\\/schema\\\/logo\\\/image\\\/\"},\"sameAs\":[\"https:\\\/\\\/www.facebook.com\\\/people\\\/Around-Albania\\\/61559619650718\\\/\",\"https:\\\/\\\/www.instagram.com\\\/around_albaniaa\\\/\"]}]}<\/script>\n<!-- \/ Yoast SEO plugin. -->","yoast_head_json":{"title":"Terms &amp; Conditions -","robots":{"index":"noindex","follow":"follow"},"og_locale":"es_ES","og_type":"article","og_title":"Terms &amp; Conditions -","og_description":"Terms &amp; Conditions Welcome to Around Albania. By using our services, you agree to the following&hellip;","og_url":"https:\/\/around-albania.com\/es\/terms-conditions\/","og_site_name":"Around Albania","article_publisher":"https:\/\/www.facebook.com\/people\/Around-Albania\/61559619650718\/","article_modified_time":"2026-04-26T14:21:58+00:00","og_image":[{"width":512,"height":512,"url":"https:\/\/around-albania.com\/wp-content\/uploads\/2026\/04\/cropped-favi.png","type":"image\/png"}],"twitter_card":"summary_large_image","twitter_misc":{"Tiempo de lectura":"2 minutos"},"schema":{"@context":"https:\/\/schema.org","@graph":[{"@type":"WebPage","@id":"https:\/\/around-albania.com\/terms-conditions\/","url":"https:\/\/around-albania.com\/terms-conditions\/","name":"Terms &amp; Conditions -","isPartOf":{"@id":"https:\/\/around-albania.com\/#website"},"datePublished":"2025-01-27T11:46:17+00:00","dateModified":"2026-04-26T14:21:58+00:00","breadcrumb":{"@id":"https:\/\/around-albania.com\/terms-conditions\/#breadcrumb"},"inLanguage":"es","potentialAction":[{"@type":"ReadAction","target":["https:\/\/around-albania.com\/terms-conditions\/"]}]},{"@type":"BreadcrumbList","@id":"https:\/\/around-albania.com\/terms-conditions\/#breadcrumb","itemListElement":[{"@type":"ListItem","position":1,"name":"Home","item":"https:\/\/around-albania.com\/"},{"@type":"ListItem","position":2,"name":"Terms &amp; Conditions"}]},{"@type":"WebSite","@id":"https:\/\/around-albania.com\/#website","url":"https:\/\/around-albania.com\/","name":"Alrededor de Albania","description":"","publisher":{"@id":"https:\/\/around-albania.com\/#organization"},"potentialAction":[{"@type":"SearchAction","target":{"@type":"EntryPoint","urlTemplate":"https:\/\/around-albania.com\/?s={search_term_string}"},"query-input":{"@type":"PropertyValueSpecification","valueRequired":true,"valueName":"search_term_string"}}],"inLanguage":"es"},{"@type":"Organization","@id":"https:\/\/around-albania.com\/#organization","name":"Alrededor de Albania","url":"https:\/\/around-albania.com\/","logo":{"@type":"ImageObject","inLanguage":"es","@id":"https:\/\/around-albania.com\/#\/schema\/logo\/image\/","url":"https:\/\/around-albania.com\/wp-content\/uploads\/2026\/04\/logo.png","contentUrl":"https:\/\/around-albania.com\/wp-content\/uploads\/2026\/04\/logo.png","width":500,"height":500,"caption":"Around Albania"},"image":{"@id":"https:\/\/around-albania.com\/#\/schema\/logo\/image\/"},"sameAs":["https:\/\/www.facebook.com\/people\/Around-Albania\/61559619650718\/","https:\/\/www.instagram.com\/around_albaniaa\/"]}]}},"_links":{"self":[{"href":"https:\/\/around-albania.com\/es\/wp-json\/wp\/v2\/pages\/1272","targetHints":{"allow":["GET"]}}],"collection":[{"href":"https:\/\/around-albania.com\/es\/wp-json\/wp\/v2\/pages"}],"about":[{"href":"https:\/\/around-albania.com\/es\/wp-json\/wp\/v2\/types\/page"}],"author":[{"embeddable":true,"href":"https:\/\/around-albania.com\/es\/wp-json\/wp\/v2\/users\/1"}],"replies":[{"embeddable":true,"href":"https:\/\/around-albania.com\/es\/wp-json\/wp\/v2\/comments?post=1272"}],"version-history":[{"count":0,"href":"https:\/\/around-albania.com\/es\/wp-json\/wp\/v2\/pages\/1272\/revisions"}],"wp:attachment":[{"href":"https:\/\/around-albania.com\/es\/wp-json\/wp\/v2\/media?parent=1272"}],"curies":[{"name":"wp","href":"https:\/\/api.w.org\/{rel}","templated":true}]}}