{"id":4579,"date":"2024-03-29T14:06:39","date_gmt":"2024-03-29T14:06:39","guid":{"rendered":"https:\/\/around-albania.com\/?page_id=4579"},"modified":"2026-04-26T14:08:48","modified_gmt":"2026-04-26T14:08:48","slug":"faqs","status":"publish","type":"page","link":"https:\/\/around-albania.com\/de\/faqs\/","title":{"rendered":"FAQ"},"content":{"rendered":"<div data-elementor-type=\"wp-page\" data-elementor-id=\"4579\" class=\"elementor elementor-4579\">\n\t\t\t\t\t\t<section class=\"elementor-section elementor-top-section elementor-element elementor-element-7487451 elementor-section-full_width sc_layouts_hide_on_mobile elementor-section-height-default elementor-section-height-default sc_fly_static\" data-id=\"7487451\" data-element_type=\"section\" data-e-type=\"section\">\n\t\t\t\t\t\t<div class=\"elementor-container elementor-column-gap-no\">\n\t\t\t\t\t<div class=\"elementor-column elementor-col-100 elementor-top-column elementor-element elementor-element-3d2a9dd sc_content_align_inherit sc_layouts_column_icons_position_left sc_fly_static\" data-id=\"3d2a9dd\" data-element_type=\"column\" data-e-type=\"column\">\n\t\t\t<div class=\"elementor-widget-wrap elementor-element-populated\">\n\t\t\t\t\t\t<section class=\"elementor-section elementor-inner-section elementor-element elementor-element-da7e9ce elementor-section-content-middle elementor-section-boxed elementor-section-height-default elementor-section-height-default sc_fly_static\" data-id=\"da7e9ce\" data-element_type=\"section\" data-e-type=\"section\">\n\t\t\t\t\t\t<div class=\"elementor-container elementor-column-gap-extended\">\n\t\t\t\t\t<div class=\"elementor-column elementor-col-50 elementor-inner-column elementor-element elementor-element-ed48ec2 sc_content_align_inherit sc_layouts_column_icons_position_left sc_fly_static\" data-id=\"ed48ec2\" data-element_type=\"column\" data-e-type=\"column\">\n\t\t\t<div class=\"elementor-widget-wrap elementor-element-populated\">\n\t\t\t\t\t\t<div class=\"elementor-element elementor-element-878debd sc_fly_static elementor-widget elementor-widget-image\" data-id=\"878debd\" data-element_type=\"widget\" data-e-type=\"widget\" data-widget_type=\"image.default\">\n\t\t\t\t<div class=\"elementor-widget-container\">\n\t\t\t\t\t\t\t\t\t\t\t\t\t\t\t<img fetchpriority=\"high\" decoding=\"async\" width=\"457\" height=\"514\" src=\"https:\/\/around-albania.com\/wp-content\/uploads\/2026\/04\/dfdfd.jpg\" class=\"attachment-full size-full wp-image-65812\" alt=\"\" srcset=\"https:\/\/around-albania.com\/wp-content\/uploads\/2026\/04\/dfdfd.jpg 457w, https:\/\/around-albania.com\/wp-content\/uploads\/2026\/04\/dfdfd-267x300.jpg 267w, https:\/\/around-albania.com\/wp-content\/uploads\/2026\/04\/dfdfd-370x416.jpg 370w, https:\/\/around-albania.com\/wp-content\/uploads\/2026\/04\/dfdfd-410x461.jpg 410w\" sizes=\"(max-width: 600px) 100vw, 457px\" \/>\t\t\t\t\t\t\t\t\t\t\t\t\t\t\t<\/div>\n\t\t\t\t<\/div>\n\t\t\t\t\t<\/div>\n\t\t<\/div>\n\t\t\t\t<div class=\"elementor-column elementor-col-50 elementor-inner-column elementor-element elementor-element-d9cf6d6 sc_content_align_inherit sc_layouts_column_icons_position_left sc_fly_static\" data-id=\"d9cf6d6\" data-element_type=\"column\" data-e-type=\"column\">\n\t\t\t<div class=\"elementor-widget-wrap elementor-element-populated\">\n\t\t\t\t\t\t<div class=\"elementor-element elementor-element-489b9f3c elementor-widget__width-initial sc_fly_static elementor-widget elementor-widget-trx_sc_title\" data-id=\"489b9f3c\" data-element_type=\"widget\" data-e-type=\"widget\" data-widget_type=\"trx_sc_title.default\">\n\t\t\t\t<div class=\"elementor-widget-container\">\n\t\t\t\t\t<div\t\tclass=\"sc_title sc_title_shadow\" ><span class=\"sc_item_subtitle sc_title_subtitle sc_item_subtitle_above sc_item_title_style_shadow\">Fragen &amp; Antworten<\/span><h1 class=\"sc_item_title sc_title_title sc_item_title_style_shadow sc_item_title_tag\"\n\t\t\t><span class=\"sc_item_title_text\">H\u00e4ufig gestellte Fragen<\/span><\/h1><\/div>\t\t\t\t<\/div>\n\t\t\t\t<\/div>\n\t\t\t\t<div class=\"elementor-element elementor-element-44181ff2 sc_fly_static elementor-widget elementor-widget-spacer\" data-id=\"44181ff2\" data-element_type=\"widget\" data-e-type=\"widget\" data-widget_type=\"spacer.default\">\n\t\t\t\t<div class=\"elementor-widget-container\">\n\t\t\t\t\t\t\t<div class=\"elementor-spacer\">\n\t\t\t<div class=\"elementor-spacer-inner\"><\/div>\n\t\t<\/div>\n\t\t\t\t\t\t<\/div>\n\t\t\t\t<\/div>\n\t\t\t\t<div class=\"elementor-element elementor-element-44e5b4ae elementor-widget-divider--view-line sc_fly_static elementor-widget elementor-widget-divider\" data-id=\"44e5b4ae\" data-element_type=\"widget\" data-e-type=\"widget\" data-widget_type=\"divider.default\">\n\t\t\t\t<div class=\"elementor-widget-container\">\n\t\t\t\t\t\t\t<div class=\"elementor-divider\">\n\t\t\t<span class=\"elementor-divider-separator\">\n\t\t\t\t\t\t<\/span>\n\t\t<\/div>\n\t\t\t\t\t\t<\/div>\n\t\t\t\t<\/div>\n\t\t\t\t<div class=\"elementor-element elementor-element-3dc9d01 bordered sc_fly_static elementor-widget elementor-widget-accordion\" data-id=\"3dc9d01\" data-element_type=\"widget\" data-e-type=\"widget\" data-widget_type=\"accordion.default\">\n\t\t\t\t<div class=\"elementor-widget-container\">\n\t\t\t\t\t\t\t<div class=\"elementor-accordion\">\n\t\t\t\t\t\t\t<div class=\"elementor-accordion-item\">\n\t\t\t\t\t<h5 id=\"elementor-tab-title-6471\" class=\"elementor-tab-title\" data-tab=\"1\" role=\"button\" aria-controls=\"elementor-tab-content-6471\" aria-expanded=\"false\">\n\t\t\t\t\t\t\t\t\t\t\t\t\t<span class=\"elementor-accordion-icon elementor-accordion-icon-right\" aria-hidden=\"true\">\n\t\t\t\t\t\t\t\t\t\t\t\t\t\t\t<span class=\"elementor-accordion-icon-closed\"><svg xmlns=\"http:\/\/www.w3.org\/2000\/svg\" xmlns:xlink=\"http:\/\/www.w3.org\/1999\/xlink\" x=\"0px\" y=\"0px\" viewbox=\"0 0 19.9 19.9\" style=\"enable-background:new 0 0 19.9 19.9;\" xml:space=\"preserve\"><path d=\"M18,8.8l-5-5 c-0.3-0.3-0.8-0.3-1.1,0c-0.3,0.3-0.3,0.8,0,1.1l3.6,3.6H2.4C2,8.6,1.6,8.9,1.6,9.4c0,0.4,0.3,0.8,0.8,0.8h13.2L12,13.8 c-0.3,0.3-0.3,0.8,0,1.1c0.3,0.3,0.8,0.3,1.1,0l5-5C18.3,9.6,18.3,9.1,18,8.8z\"><\/path><\/svg><\/span>\n\t\t\t\t\t\t\t\t<span class=\"elementor-accordion-icon-opened\"><svg xmlns=\"http:\/\/www.w3.org\/2000\/svg\" xmlns:xlink=\"http:\/\/www.w3.org\/1999\/xlink\" x=\"0px\" y=\"0px\" viewbox=\"0 0 19.9 19.9\" style=\"enable-background:new 0 0 19.9 19.9;\" xml:space=\"preserve\"><path d=\"M16.1,15.3l0-7c0-0.4-0.3-0.8-0.8-0.8c-0.4,0-0.8,0.3-0.8,0.8l0,5.1L5.1,4.1 c-0.3-0.3-0.8-0.3-1.1,0c-0.3,0.3-0.3,0.8,0,1.1l9.4,9.4l-5.1,0c-0.4,0-0.8,0.3-0.8,0.8c0,0.4,0.3,0.8,0.8,0.8l7,0 C15.7,16.1,16.1,15.7,16.1,15.3z\"><\/path><\/svg><\/span>\n\t\t\t\t\t\t\t\t\t\t\t\t\t\t<\/span>\n\t\t\t\t\t\t\t\t\t\t\t\t<a class=\"elementor-accordion-title\" tabindex=\"0\">Welche Reiseziele decken Ihre Touren in Albanien ab?<\/a>\n\t\t\t\t\t<\/h5>\n\t\t\t\t\t<div id=\"elementor-tab-content-6471\" class=\"elementor-tab-content elementor-clearfix\" data-tab=\"1\" role=\"region\" aria-labelledby=\"elementor-tab-title-6471\"><p>Unsere Touren umfassen eine breite Palette atemberaubender Reiseziele in ganz Albanien, von den antiken Ruinen von Butrint und den atemberaubenden Str\u00e4nden der Ionischen K\u00fcste bis zu den charmanten St\u00e4dten Berat und Gjirokast\u00ebr. Egal, ob Sie sich f\u00fcr Geschichte, Natur, Kultur oder Abenteuer interessieren, wir haben f\u00fcr jeden etwas dabei. Unsere Reiserouten sind darauf ausgelegt, die vielf\u00e4ltige Sch\u00f6nheit des Landes zu zeigen, einschlie\u00dflich versteckter Juwelen und abgelegener Orte.<\/p><\/div>\n\t\t\t\t<\/div>\n\t\t\t\t\t\t\t<div class=\"elementor-accordion-item\">\n\t\t\t\t\t<h5 id=\"elementor-tab-title-6472\" class=\"elementor-tab-title\" data-tab=\"2\" role=\"button\" aria-controls=\"elementor-tab-content-6472\" aria-expanded=\"false\">\n\t\t\t\t\t\t\t\t\t\t\t\t\t<span class=\"elementor-accordion-icon elementor-accordion-icon-right\" aria-hidden=\"true\">\n\t\t\t\t\t\t\t\t\t\t\t\t\t\t\t<span class=\"elementor-accordion-icon-closed\"><svg xmlns=\"http:\/\/www.w3.org\/2000\/svg\" xmlns:xlink=\"http:\/\/www.w3.org\/1999\/xlink\" x=\"0px\" y=\"0px\" viewbox=\"0 0 19.9 19.9\" style=\"enable-background:new 0 0 19.9 19.9;\" xml:space=\"preserve\"><path d=\"M18,8.8l-5-5 c-0.3-0.3-0.8-0.3-1.1,0c-0.3,0.3-0.3,0.8,0,1.1l3.6,3.6H2.4C2,8.6,1.6,8.9,1.6,9.4c0,0.4,0.3,0.8,0.8,0.8h13.2L12,13.8 c-0.3,0.3-0.3,0.8,0,1.1c0.3,0.3,0.8,0.3,1.1,0l5-5C18.3,9.6,18.3,9.1,18,8.8z\"><\/path><\/svg><\/span>\n\t\t\t\t\t\t\t\t<span class=\"elementor-accordion-icon-opened\"><svg xmlns=\"http:\/\/www.w3.org\/2000\/svg\" xmlns:xlink=\"http:\/\/www.w3.org\/1999\/xlink\" x=\"0px\" y=\"0px\" viewbox=\"0 0 19.9 19.9\" style=\"enable-background:new 0 0 19.9 19.9;\" xml:space=\"preserve\"><path d=\"M16.1,15.3l0-7c0-0.4-0.3-0.8-0.8-0.8c-0.4,0-0.8,0.3-0.8,0.8l0,5.1L5.1,4.1 c-0.3-0.3-0.8-0.3-1.1,0c-0.3,0.3-0.3,0.8,0,1.1l9.4,9.4l-5.1,0c-0.4,0-0.8,0.3-0.8,0.8c0,0.4,0.3,0.8,0.8,0.8l7,0 C15.7,16.1,16.1,15.7,16.1,15.3z\"><\/path><\/svg><\/span>\n\t\t\t\t\t\t\t\t\t\t\t\t\t\t<\/span>\n\t\t\t\t\t\t\t\t\t\t\t\t<a class=\"elementor-accordion-title\" tabindex=\"0\">Was ist im Tourpaket enthalten?<\/a>\n\t\t\t\t\t<\/h5>\n\t\t\t\t\t<div id=\"elementor-tab-content-6472\" class=\"elementor-tab-content elementor-clearfix\" data-tab=\"2\" role=\"region\" aria-labelledby=\"elementor-tab-title-6472\"><p>Unsere Reisepakete beinhalten in der Regel den Transport, einen sachkundigen lokalen Reiseleiter und Besuche aller Hauptattraktionen auf der Reiseroute. Wir geben auch Empfehlungen f\u00fcr lokale Mahlzeiten, Unterk\u00fcnfte (falls zutreffend) und zus\u00e4tzliche Aktivit\u00e4ten, obwohl diese je nach Tour variieren k\u00f6nnen. Sie haben alles, was Sie f\u00fcr Ihr Abenteuer brauchen, mit der Flexibilit\u00e4t, in Ihrem eigenen Tempo zu erkunden.<\/p><\/div>\n\t\t\t\t<\/div>\n\t\t\t\t\t\t\t<div class=\"elementor-accordion-item\">\n\t\t\t\t\t<h5 id=\"elementor-tab-title-6473\" class=\"elementor-tab-title\" data-tab=\"3\" role=\"button\" aria-controls=\"elementor-tab-content-6473\" aria-expanded=\"false\">\n\t\t\t\t\t\t\t\t\t\t\t\t\t<span class=\"elementor-accordion-icon elementor-accordion-icon-right\" aria-hidden=\"true\">\n\t\t\t\t\t\t\t\t\t\t\t\t\t\t\t<span class=\"elementor-accordion-icon-closed\"><svg xmlns=\"http:\/\/www.w3.org\/2000\/svg\" xmlns:xlink=\"http:\/\/www.w3.org\/1999\/xlink\" x=\"0px\" y=\"0px\" viewbox=\"0 0 19.9 19.9\" style=\"enable-background:new 0 0 19.9 19.9;\" xml:space=\"preserve\"><path d=\"M18,8.8l-5-5 c-0.3-0.3-0.8-0.3-1.1,0c-0.3,0.3-0.3,0.8,0,1.1l3.6,3.6H2.4C2,8.6,1.6,8.9,1.6,9.4c0,0.4,0.3,0.8,0.8,0.8h13.2L12,13.8 c-0.3,0.3-0.3,0.8,0,1.1c0.3,0.3,0.8,0.3,1.1,0l5-5C18.3,9.6,18.3,9.1,18,8.8z\"><\/path><\/svg><\/span>\n\t\t\t\t\t\t\t\t<span class=\"elementor-accordion-icon-opened\"><svg xmlns=\"http:\/\/www.w3.org\/2000\/svg\" xmlns:xlink=\"http:\/\/www.w3.org\/1999\/xlink\" x=\"0px\" y=\"0px\" viewbox=\"0 0 19.9 19.9\" style=\"enable-background:new 0 0 19.9 19.9;\" xml:space=\"preserve\"><path d=\"M16.1,15.3l0-7c0-0.4-0.3-0.8-0.8-0.8c-0.4,0-0.8,0.3-0.8,0.8l0,5.1L5.1,4.1 c-0.3-0.3-0.8-0.3-1.1,0c-0.3,0.3-0.3,0.8,0,1.1l9.4,9.4l-5.1,0c-0.4,0-0.8,0.3-0.8,0.8c0,0.4,0.3,0.8,0.8,0.8l7,0 C15.7,16.1,16.1,15.7,16.1,15.3z\"><\/path><\/svg><\/span>\n\t\t\t\t\t\t\t\t\t\t\t\t\t\t<\/span>\n\t\t\t\t\t\t\t\t\t\t\t\t<a class=\"elementor-accordion-title\" tabindex=\"0\">Wie kann ich eine Tour bei Ihnen buchen?<\/a>\n\t\t\t\t\t<\/h5>\n\t\t\t\t\t<div id=\"elementor-tab-content-6473\" class=\"elementor-tab-content elementor-clearfix\" data-tab=\"3\" role=\"region\" aria-labelledby=\"elementor-tab-title-6473\"><p>Eine Tour bei uns zu buchen ist ganz einfach! F\u00fcllen Sie einfach unser Buchungsformular auf der Website aus oder kontaktieren Sie uns direkt \u00fcber WhatsApp, um mit unseren freundlichen Mitarbeitern zu sprechen. Wir helfen Ihnen bei allen Details, beantworten Ihre Fragen und stellen sicher, dass Ihre Tour auf Ihre W\u00fcnsche zugeschnitten ist. Lassen Sie uns Ihr Abenteuer beginnen!<\/p><\/div>\n\t\t\t\t<\/div>\n\t\t\t\t\t\t\t<div class=\"elementor-accordion-item\">\n\t\t\t\t\t<h5 id=\"elementor-tab-title-6474\" class=\"elementor-tab-title\" data-tab=\"4\" role=\"button\" aria-controls=\"elementor-tab-content-6474\" aria-expanded=\"false\">\n\t\t\t\t\t\t\t\t\t\t\t\t\t<span class=\"elementor-accordion-icon elementor-accordion-icon-right\" aria-hidden=\"true\">\n\t\t\t\t\t\t\t\t\t\t\t\t\t\t\t<span class=\"elementor-accordion-icon-closed\"><svg xmlns=\"http:\/\/www.w3.org\/2000\/svg\" xmlns:xlink=\"http:\/\/www.w3.org\/1999\/xlink\" x=\"0px\" y=\"0px\" viewbox=\"0 0 19.9 19.9\" style=\"enable-background:new 0 0 19.9 19.9;\" xml:space=\"preserve\"><path d=\"M18,8.8l-5-5 c-0.3-0.3-0.8-0.3-1.1,0c-0.3,0.3-0.3,0.8,0,1.1l3.6,3.6H2.4C2,8.6,1.6,8.9,1.6,9.4c0,0.4,0.3,0.8,0.8,0.8h13.2L12,13.8 c-0.3,0.3-0.3,0.8,0,1.1c0.3,0.3,0.8,0.3,1.1,0l5-5C18.3,9.6,18.3,9.1,18,8.8z\"><\/path><\/svg><\/span>\n\t\t\t\t\t\t\t\t<span class=\"elementor-accordion-icon-opened\"><svg xmlns=\"http:\/\/www.w3.org\/2000\/svg\" xmlns:xlink=\"http:\/\/www.w3.org\/1999\/xlink\" x=\"0px\" y=\"0px\" viewbox=\"0 0 19.9 19.9\" style=\"enable-background:new 0 0 19.9 19.9;\" xml:space=\"preserve\"><path d=\"M16.1,15.3l0-7c0-0.4-0.3-0.8-0.8-0.8c-0.4,0-0.8,0.3-0.8,0.8l0,5.1L5.1,4.1 c-0.3-0.3-0.8-0.3-1.1,0c-0.3,0.3-0.3,0.8,0,1.1l9.4,9.4l-5.1,0c-0.4,0-0.8,0.3-0.8,0.8c0,0.4,0.3,0.8,0.8,0.8l7,0 C15.7,16.1,16.1,15.7,16.1,15.3z\"><\/path><\/svg><\/span>\n\t\t\t\t\t\t\t\t\t\t\t\t\t\t<\/span>\n\t\t\t\t\t\t\t\t\t\t\t\t<a class=\"elementor-accordion-title\" tabindex=\"0\">Bieten Sie ma\u00dfgeschneiderte private Touren an?<\/a>\n\t\t\t\t\t<\/h5>\n\t\t\t\t\t<div id=\"elementor-tab-content-6474\" class=\"elementor-tab-content elementor-clearfix\" data-tab=\"4\" role=\"region\" aria-labelledby=\"elementor-tab-title-6474\"><p>Ja, wir bieten voll anpassbare private Touren an. Egal, ob Sie eine einzigartige Reiseroute basierend auf Ihren Interessen erstellen m\u00f6chten oder ein pers\u00f6nlicheres Erlebnis ben\u00f6tigen, wir gehen gerne auf Ihre W\u00fcnsche ein. Teilen Sie uns einfach mit, was Sie suchen, und wir werden mit Ihnen zusammenarbeiten, um die perfekte Tour zu gestalten.<\/p><\/div>\n\t\t\t\t<\/div>\n\t\t\t\t\t\t\t\t<\/div>\n\t\t\t\t\t\t<\/div>\n\t\t\t\t<\/div>\n\t\t\t\t<div class=\"elementor-element elementor-element-17e899ca elementor-widget-divider--view-line sc_fly_static elementor-widget elementor-widget-divider\" data-id=\"17e899ca\" data-element_type=\"widget\" data-e-type=\"widget\" data-widget_type=\"divider.default\">\n\t\t\t\t<div class=\"elementor-widget-container\">\n\t\t\t\t\t\t\t<div class=\"elementor-divider\">\n\t\t\t<span class=\"elementor-divider-separator\">\n\t\t\t\t\t\t<\/span>\n\t\t<\/div>\n\t\t\t\t\t\t<\/div>\n\t\t\t\t<\/div>\n\t\t\t\t\t<\/div>\n\t\t<\/div>\n\t\t\t\t\t<\/div>\n\t\t<\/section>\n\t\t\t\t<div class=\"elementor-element elementor-element-3b2d69c sc_height_huge sc_fly_static elementor-widget elementor-widget-spacer\" data-id=\"3b2d69c\" data-element_type=\"widget\" data-e-type=\"widget\" data-widget_type=\"spacer.default\">\n\t\t\t\t<div class=\"elementor-widget-container\">\n\t\t\t\t\t\t\t<div class=\"elementor-spacer\">\n\t\t\t<div class=\"elementor-spacer-inner\"><\/div>\n\t\t<\/div>\n\t\t\t\t\t\t<\/div>\n\t\t\t\t<\/div>\n\t\t\t\t<div class=\"elementor-element elementor-element-69ae7c4 sc_layouts_hide_on_notebook sc_layouts_hide_on_tablet sc_layouts_hide_on_mobile sc_fly_static elementor-widget elementor-widget-spacer\" data-id=\"69ae7c4\" data-element_type=\"widget\" data-e-type=\"widget\" data-widget_type=\"spacer.default\">\n\t\t\t\t<div class=\"elementor-widget-container\">\n\t\t\t\t\t\t\t<div class=\"elementor-spacer\">\n\t\t\t<div class=\"elementor-spacer-inner\"><\/div>\n\t\t<\/div>\n\t\t\t\t\t\t<\/div>\n\t\t\t\t<\/div>\n\t\t\t\t\t<\/div>\n\t\t<\/div>\n\t\t\t\t\t<\/div>\n\t\t<\/section>\n\t\t\t\t<\/div>","protected":false},"excerpt":{"rendered":"<p>Questions &#038; Answers Frequently Asked Question What destinations do your tours cover in Albania? Our tours&hellip;<\/p>","protected":false},"author":1,"featured_media":0,"parent":0,"menu_order":0,"comment_status":"closed","ping_status":"closed","template":"","meta":{"_joinchat":[],"footnotes":""},"class_list":["post-4579","page","type-page","status-publish","hentry"],"yoast_head":"<!-- This site is optimized with the Yoast SEO plugin v27.5 - https:\/\/yoast.com\/product\/yoast-seo-wordpress\/ -->\n<title>FAQs | Albania Private Tours \u2014 Around Albania<\/title>\n<meta name=\"description\" content=\"Find answers to common questions about our private tours in Albania destinations, what&#039;s included, how to book, and custom itinerary options. Albania, privately.\" \/>\n<meta name=\"robots\" content=\"index, follow, max-snippet:-1, max-image-preview:large, max-video-preview:-1\" \/>\n<link rel=\"canonical\" href=\"https:\/\/around-albania.com\/de\/faqs\/\" \/>\n<meta property=\"og:locale\" content=\"de_DE\" \/>\n<meta property=\"og:type\" content=\"article\" \/>\n<meta property=\"og:title\" content=\"Frequently Asked Questions \u2014 Around Albania Private Tours\" \/>\n<meta property=\"og:description\" content=\"Everything you need to know about booking a private tour in Albania. Destinations, inclusions, custom itineraries, and more \u2014 answered by the Around Albania team.\" \/>\n<meta property=\"og:url\" content=\"https:\/\/around-albania.com\/de\/faqs\/\" \/>\n<meta property=\"og:site_name\" content=\"Around Albania\" \/>\n<meta property=\"article:publisher\" content=\"https:\/\/www.facebook.com\/people\/Around-Albania\/61559619650718\/\" \/>\n<meta property=\"article:modified_time\" content=\"2026-04-26T14:08:48+00:00\" \/>\n<meta property=\"og:image\" content=\"https:\/\/around-albania.com\/wp-content\/uploads\/2026\/04\/favi.png\" \/>\n\t<meta property=\"og:image:width\" content=\"1024\" \/>\n\t<meta property=\"og:image:height\" content=\"1024\" \/>\n\t<meta property=\"og:image:type\" content=\"image\/png\" \/>\n<meta name=\"twitter:card\" content=\"summary_large_image\" \/>\n<meta name=\"twitter:label1\" content=\"Gesch\u00e4tzte Lesezeit\" \/>\n\t<meta name=\"twitter:data1\" content=\"2\u00a0Minuten\" \/>\n<script type=\"application\/ld+json\" class=\"yoast-schema-graph\">{\"@context\":\"https:\\\/\\\/schema.org\",\"@graph\":[{\"@type\":\"WebPage\",\"@id\":\"https:\\\/\\\/around-albania.com\\\/faqs\\\/\",\"url\":\"https:\\\/\\\/around-albania.com\\\/faqs\\\/\",\"name\":\"FAQs | Albania Private Tours \u2014 Around Albania\",\"isPartOf\":{\"@id\":\"https:\\\/\\\/around-albania.com\\\/#website\"},\"primaryImageOfPage\":{\"@id\":\"https:\\\/\\\/around-albania.com\\\/faqs\\\/#primaryimage\"},\"image\":{\"@id\":\"https:\\\/\\\/around-albania.com\\\/faqs\\\/#primaryimage\"},\"thumbnailUrl\":\"https:\\\/\\\/around-albania.com\\\/wp-content\\\/uploads\\\/2026\\\/04\\\/dfdfd.jpg\",\"datePublished\":\"2024-03-29T14:06:39+00:00\",\"dateModified\":\"2026-04-26T14:08:48+00:00\",\"description\":\"Find answers to common questions about our private tours in Albania destinations, what's included, how to book, and custom itinerary options. Albania, privately.\",\"breadcrumb\":{\"@id\":\"https:\\\/\\\/around-albania.com\\\/faqs\\\/#breadcrumb\"},\"inLanguage\":\"de\",\"potentialAction\":[{\"@type\":\"ReadAction\",\"target\":[\"https:\\\/\\\/around-albania.com\\\/faqs\\\/\"]}]},{\"@type\":\"ImageObject\",\"inLanguage\":\"de\",\"@id\":\"https:\\\/\\\/around-albania.com\\\/faqs\\\/#primaryimage\",\"url\":\"https:\\\/\\\/around-albania.com\\\/wp-content\\\/uploads\\\/2026\\\/04\\\/dfdfd.jpg\",\"contentUrl\":\"https:\\\/\\\/around-albania.com\\\/wp-content\\\/uploads\\\/2026\\\/04\\\/dfdfd.jpg\"},{\"@type\":\"BreadcrumbList\",\"@id\":\"https:\\\/\\\/around-albania.com\\\/faqs\\\/#breadcrumb\",\"itemListElement\":[{\"@type\":\"ListItem\",\"position\":1,\"name\":\"Home\",\"item\":\"https:\\\/\\\/around-albania.com\\\/\"},{\"@type\":\"ListItem\",\"position\":2,\"name\":\"FAQs\"}]},{\"@type\":\"WebSite\",\"@id\":\"https:\\\/\\\/around-albania.com\\\/#website\",\"url\":\"https:\\\/\\\/around-albania.com\\\/\",\"name\":\"Around Albania\",\"description\":\"\",\"publisher\":{\"@id\":\"https:\\\/\\\/around-albania.com\\\/#organization\"},\"potentialAction\":[{\"@type\":\"SearchAction\",\"target\":{\"@type\":\"EntryPoint\",\"urlTemplate\":\"https:\\\/\\\/around-albania.com\\\/?s={search_term_string}\"},\"query-input\":{\"@type\":\"PropertyValueSpecification\",\"valueRequired\":true,\"valueName\":\"search_term_string\"}}],\"inLanguage\":\"de\"},{\"@type\":\"Organization\",\"@id\":\"https:\\\/\\\/around-albania.com\\\/#organization\",\"name\":\"Around Albania\",\"url\":\"https:\\\/\\\/around-albania.com\\\/\",\"logo\":{\"@type\":\"ImageObject\",\"inLanguage\":\"de\",\"@id\":\"https:\\\/\\\/around-albania.com\\\/#\\\/schema\\\/logo\\\/image\\\/\",\"url\":\"https:\\\/\\\/around-albania.com\\\/wp-content\\\/uploads\\\/2026\\\/04\\\/logo.png\",\"contentUrl\":\"https:\\\/\\\/around-albania.com\\\/wp-content\\\/uploads\\\/2026\\\/04\\\/logo.png\",\"width\":500,\"height\":500,\"caption\":\"Around Albania\"},\"image\":{\"@id\":\"https:\\\/\\\/around-albania.com\\\/#\\\/schema\\\/logo\\\/image\\\/\"},\"sameAs\":[\"https:\\\/\\\/www.facebook.com\\\/people\\\/Around-Albania\\\/61559619650718\\\/\",\"https:\\\/\\\/www.instagram.com\\\/around_albaniaa\\\/\"]}]}<\/script>\n<!-- \/ Yoast SEO plugin. -->","yoast_head_json":{"title":"FAQs | Albania Private Tours \u2014 Around Albania","description":"Find answers to common questions about our private tours in Albania destinations, what's included, how to book, and custom itinerary options. Albania, privately.","robots":{"index":"index","follow":"follow","max-snippet":"max-snippet:-1","max-image-preview":"max-image-preview:large","max-video-preview":"max-video-preview:-1"},"canonical":"https:\/\/around-albania.com\/de\/faqs\/","og_locale":"de_DE","og_type":"article","og_title":"Frequently Asked Questions \u2014 Around Albania Private Tours","og_description":"Everything you need to know about booking a private tour in Albania. Destinations, inclusions, custom itineraries, and more \u2014 answered by the Around Albania team.","og_url":"https:\/\/around-albania.com\/de\/faqs\/","og_site_name":"Around Albania","article_publisher":"https:\/\/www.facebook.com\/people\/Around-Albania\/61559619650718\/","article_modified_time":"2026-04-26T14:08:48+00:00","og_image":[{"width":1024,"height":1024,"url":"https:\/\/around-albania.com\/wp-content\/uploads\/2026\/04\/favi.png","type":"image\/png"}],"twitter_card":"summary_large_image","twitter_misc":{"Gesch\u00e4tzte Lesezeit":"2\u00a0Minuten"},"schema":{"@context":"https:\/\/schema.org","@graph":[{"@type":"WebPage","@id":"https:\/\/around-albania.com\/faqs\/","url":"https:\/\/around-albania.com\/faqs\/","name":"FAQs | Albania Private Tours \u2014 Around Albania","isPartOf":{"@id":"https:\/\/around-albania.com\/#website"},"primaryImageOfPage":{"@id":"https:\/\/around-albania.com\/faqs\/#primaryimage"},"image":{"@id":"https:\/\/around-albania.com\/faqs\/#primaryimage"},"thumbnailUrl":"https:\/\/around-albania.com\/wp-content\/uploads\/2026\/04\/dfdfd.jpg","datePublished":"2024-03-29T14:06:39+00:00","dateModified":"2026-04-26T14:08:48+00:00","description":"Find answers to common questions about our private tours in Albania destinations, what's included, how to book, and custom itinerary options. Albania, privately.","breadcrumb":{"@id":"https:\/\/around-albania.com\/faqs\/#breadcrumb"},"inLanguage":"de","potentialAction":[{"@type":"ReadAction","target":["https:\/\/around-albania.com\/faqs\/"]}]},{"@type":"ImageObject","inLanguage":"de","@id":"https:\/\/around-albania.com\/faqs\/#primaryimage","url":"https:\/\/around-albania.com\/wp-content\/uploads\/2026\/04\/dfdfd.jpg","contentUrl":"https:\/\/around-albania.com\/wp-content\/uploads\/2026\/04\/dfdfd.jpg"},{"@type":"BreadcrumbList","@id":"https:\/\/around-albania.com\/faqs\/#breadcrumb","itemListElement":[{"@type":"ListItem","position":1,"name":"Home","item":"https:\/\/around-albania.com\/"},{"@type":"ListItem","position":2,"name":"FAQs"}]},{"@type":"WebSite","@id":"https:\/\/around-albania.com\/#website","url":"https:\/\/around-albania.com\/","name":"Around Albania","description":"","publisher":{"@id":"https:\/\/around-albania.com\/#organization"},"potentialAction":[{"@type":"SearchAction","target":{"@type":"EntryPoint","urlTemplate":"https:\/\/around-albania.com\/?s={search_term_string}"},"query-input":{"@type":"PropertyValueSpecification","valueRequired":true,"valueName":"search_term_string"}}],"inLanguage":"de"},{"@type":"Organization","@id":"https:\/\/around-albania.com\/#organization","name":"Around Albania","url":"https:\/\/around-albania.com\/","logo":{"@type":"ImageObject","inLanguage":"de","@id":"https:\/\/around-albania.com\/#\/schema\/logo\/image\/","url":"https:\/\/around-albania.com\/wp-content\/uploads\/2026\/04\/logo.png","contentUrl":"https:\/\/around-albania.com\/wp-content\/uploads\/2026\/04\/logo.png","width":500,"height":500,"caption":"Around Albania"},"image":{"@id":"https:\/\/around-albania.com\/#\/schema\/logo\/image\/"},"sameAs":["https:\/\/www.facebook.com\/people\/Around-Albania\/61559619650718\/","https:\/\/www.instagram.com\/around_albaniaa\/"]}]}},"_links":{"self":[{"href":"https:\/\/around-albania.com\/de\/wp-json\/wp\/v2\/pages\/4579","targetHints":{"allow":["GET"]}}],"collection":[{"href":"https:\/\/around-albania.com\/de\/wp-json\/wp\/v2\/pages"}],"about":[{"href":"https:\/\/around-albania.com\/de\/wp-json\/wp\/v2\/types\/page"}],"author":[{"embeddable":true,"href":"https:\/\/around-albania.com\/de\/wp-json\/wp\/v2\/users\/1"}],"replies":[{"embeddable":true,"href":"https:\/\/around-albania.com\/de\/wp-json\/wp\/v2\/comments?post=4579"}],"version-history":[{"count":0,"href":"https:\/\/around-albania.com\/de\/wp-json\/wp\/v2\/pages\/4579\/revisions"}],"wp:attachment":[{"href":"https:\/\/around-albania.com\/de\/wp-json\/wp\/v2\/media?parent=4579"}],"curies":[{"name":"wp","href":"https:\/\/api.w.org\/{rel}","templated":true}]}}