{"id":3,"date":"2025-01-25T13:37:25","date_gmt":"2025-01-25T13:37:25","guid":{"rendered":"https:\/\/aroundalbania.growdevs.com\/?page_id=3"},"modified":"2026-04-26T14:21:30","modified_gmt":"2026-04-26T14:21:30","slug":"privacy-policy","status":"publish","type":"page","link":"https:\/\/around-albania.com\/de\/privacy-policy\/","title":{"rendered":"Datenschutzrichtlinie"},"content":{"rendered":"<h1 class=\"wp-block-heading\">Datenschutzrichtlinie<\/h1>\n\n\n\n<p><strong>Einleitung<\/strong><strong><br><\/strong>Diese Datenschutzerkl\u00e4rung erkl\u00e4rt, wie Around Albania die pers\u00f6nlichen Daten seiner Kunden sammelt, verwendet und sch\u00fctzt. Durch die Nutzung unserer Dienste stimmen Sie den in dieser Erkl\u00e4rung dargelegten Bedingungen zu.<\/p>\n\n\n\n<p><strong>Gesammelte Daten<\/strong><strong><br><\/strong>Wir erheben personenbezogene Daten \u00fcber:<\/p>\n\n\n\n<ul class=\"wp-block-list\">\n<li>Cookies auf unserer Website<\/li>\n\n\n\n<li>Kontaktformulare, einschlie\u00dflich vollst\u00e4ndiger Name, E-Mail-Adresse, Telefonnummer und jeder zus\u00e4tzlichen Nachricht, die vom Besucher angegeben wird<\/li>\n<\/ul>\n\n\n\n<p><strong>Datennutzung<\/strong><strong><br><\/strong>Personenbezogene Daten werden verwendet f\u00fcr:<\/p>\n\n\n\n<ul class=\"wp-block-list\">\n<li>Buchungen bearbeiten und Dienstleistungen erbringen<\/li>\n\n\n\n<li>Kommunikation mit Kunden f\u00fcr Anfragen oder technischen Support<\/li>\n\n\n\n<li>Marketing und Benachrichtigungen \u00fcber Sonderangebote (mit Zustimmung des Kunden)<\/li>\n\n\n\n<li>Verbesserung von Dienstleistungen und Benutzererfahrung<\/li>\n<\/ul>\n\n\n\n<p><strong>Datenspeicherung und -schutz<\/strong><strong><br><\/strong>Wir implementieren aktualisierte Sicherheitsprotokolle, um Ihre Daten vor unbefugtem Zugriff, Verlust oder Missbrauch zu sch\u00fctzen.<\/p>\n\n\n\n<p><strong>Datenaustausch<\/strong><strong><br><\/strong>Wir geben keine pers\u00f6nlichen Daten an Dritte weiter, es sei denn, dies ist erforderlich f\u00fcr:<\/p>\n\n\n\n<ul class=\"wp-block-list\">\n<li>Bei Reservierungen<\/li>\n\n\n\n<li>Nutzung von Marketingplattformen (mit Kundeneinwilligung)<\/li>\n\n\n\n<li>Einhaltung gesetzlicher Vorschriften<\/li>\n<\/ul>\n\n\n\n<p><strong>Cookies und andere Tracking-Technologien<\/strong><strong><br><\/strong>Unsere Website verwendet Cookies, um das Nutzererlebnis zu verbessern und den Traffic zu analysieren. Sie k\u00f6nnen Ihre Cookie-Einstellungen \u00fcber die Einstellungen Ihres Browsers oder Ihrer Anwendung verwalten.<\/p>\n\n\n\n<p><strong>Benutzerrechte<\/strong><strong><br><\/strong>Kunden haben das Recht:<\/p>\n\n\n\n<ul class=\"wp-block-list\">\n<li>Zugriff auf ihre pers\u00f6nlichen Daten beantragen<\/li>\n\n\n\n<li>Anforderung der Korrektur oder L\u00f6schung ihrer Daten<\/li>\n\n\n\n<li>Der Verarbeitung ihrer Daten zu Marketingzwecken widersprechen<\/li>\n<\/ul>\n\n\n\n<p><strong>\u00c4nderungen der Datenschutzerkl\u00e4rung<br><\/strong>Diese Richtlinie kann regelm\u00e4\u00dfig aktualisiert werden. \u00c4nderungen werden auf unserer offiziellen Website ver\u00f6ffentlicht.<br><\/p>\n\n\n\n<p><strong>Kontakt<br><\/strong>Bei Fragen oder Anfragen bez\u00fcglich des Datenschutzes wenden Sie sich bitte an uns unter:<br>E-Mail: info@around-albania.com<br>Telefon: +355 69 749 8771\/+355 68 452 4022<\/p>","protected":false},"excerpt":{"rendered":"<p>Privacy Policy IntroductionThis privacy policy explains how Around Albania collects, uses, and protects the personal data&hellip;<\/p>","protected":false},"author":1,"featured_media":0,"parent":0,"menu_order":0,"comment_status":"closed","ping_status":"closed","template":"","meta":{"_joinchat":[],"footnotes":""},"class_list":["post-3","page","type-page","status-publish","hentry"],"yoast_head":"<!-- This site is optimized with the Yoast SEO plugin v27.6 - https:\/\/yoast.com\/product\/yoast-seo-wordpress\/ -->\n<title>Privacy Policy -<\/title>\n<meta name=\"robots\" content=\"noindex, follow\" \/>\n<meta property=\"og:locale\" content=\"de_DE\" \/>\n<meta property=\"og:type\" content=\"article\" \/>\n<meta property=\"og:title\" content=\"Privacy Policy -\" \/>\n<meta property=\"og:description\" content=\"Privacy Policy IntroductionThis privacy policy explains how Around Albania collects, uses, and protects the personal data&hellip;\" \/>\n<meta property=\"og:url\" content=\"https:\/\/around-albania.com\/de\/privacy-policy\/\" \/>\n<meta property=\"og:site_name\" content=\"Around Albania\" \/>\n<meta property=\"article:publisher\" content=\"https:\/\/www.facebook.com\/people\/Around-Albania\/61559619650718\/\" \/>\n<meta property=\"article:modified_time\" content=\"2026-04-26T14:21:30+00:00\" \/>\n<meta property=\"og:image\" content=\"https:\/\/around-albania.com\/wp-content\/uploads\/2026\/04\/cropped-favi.png\" \/>\n\t<meta property=\"og:image:width\" content=\"512\" \/>\n\t<meta property=\"og:image:height\" content=\"512\" \/>\n\t<meta property=\"og:image:type\" content=\"image\/png\" \/>\n<meta name=\"twitter:card\" content=\"summary_large_image\" \/>\n<meta name=\"twitter:label1\" content=\"Gesch\u00e4tzte Lesezeit\" \/>\n\t<meta name=\"twitter:data1\" content=\"2\u00a0Minuten\" \/>\n<script type=\"application\/ld+json\" class=\"yoast-schema-graph\">{\"@context\":\"https:\\\/\\\/schema.org\",\"@graph\":[{\"@type\":\"WebPage\",\"@id\":\"https:\\\/\\\/around-albania.com\\\/privacy-policy\\\/\",\"url\":\"https:\\\/\\\/around-albania.com\\\/privacy-policy\\\/\",\"name\":\"Privacy Policy -\",\"isPartOf\":{\"@id\":\"https:\\\/\\\/around-albania.com\\\/#website\"},\"datePublished\":\"2025-01-25T13:37:25+00:00\",\"dateModified\":\"2026-04-26T14:21:30+00:00\",\"breadcrumb\":{\"@id\":\"https:\\\/\\\/around-albania.com\\\/privacy-policy\\\/#breadcrumb\"},\"inLanguage\":\"de\",\"potentialAction\":[{\"@type\":\"ReadAction\",\"target\":[\"https:\\\/\\\/around-albania.com\\\/privacy-policy\\\/\"]}]},{\"@type\":\"BreadcrumbList\",\"@id\":\"https:\\\/\\\/around-albania.com\\\/privacy-policy\\\/#breadcrumb\",\"itemListElement\":[{\"@type\":\"ListItem\",\"position\":1,\"name\":\"Home\",\"item\":\"https:\\\/\\\/around-albania.com\\\/\"},{\"@type\":\"ListItem\",\"position\":2,\"name\":\"Privacy Policy\"}]},{\"@type\":\"WebSite\",\"@id\":\"https:\\\/\\\/around-albania.com\\\/#website\",\"url\":\"https:\\\/\\\/around-albania.com\\\/\",\"name\":\"Around Albania\",\"description\":\"\",\"publisher\":{\"@id\":\"https:\\\/\\\/around-albania.com\\\/#organization\"},\"potentialAction\":[{\"@type\":\"SearchAction\",\"target\":{\"@type\":\"EntryPoint\",\"urlTemplate\":\"https:\\\/\\\/around-albania.com\\\/?s={search_term_string}\"},\"query-input\":{\"@type\":\"PropertyValueSpecification\",\"valueRequired\":true,\"valueName\":\"search_term_string\"}}],\"inLanguage\":\"de\"},{\"@type\":\"Organization\",\"@id\":\"https:\\\/\\\/around-albania.com\\\/#organization\",\"name\":\"Around Albania\",\"url\":\"https:\\\/\\\/around-albania.com\\\/\",\"logo\":{\"@type\":\"ImageObject\",\"inLanguage\":\"de\",\"@id\":\"https:\\\/\\\/around-albania.com\\\/#\\\/schema\\\/logo\\\/image\\\/\",\"url\":\"https:\\\/\\\/around-albania.com\\\/wp-content\\\/uploads\\\/2026\\\/04\\\/logo.png\",\"contentUrl\":\"https:\\\/\\\/around-albania.com\\\/wp-content\\\/uploads\\\/2026\\\/04\\\/logo.png\",\"width\":500,\"height\":500,\"caption\":\"Around Albania\"},\"image\":{\"@id\":\"https:\\\/\\\/around-albania.com\\\/#\\\/schema\\\/logo\\\/image\\\/\"},\"sameAs\":[\"https:\\\/\\\/www.facebook.com\\\/people\\\/Around-Albania\\\/61559619650718\\\/\",\"https:\\\/\\\/www.instagram.com\\\/around_albaniaa\\\/\"]}]}<\/script>\n<!-- \/ Yoast SEO plugin. -->","yoast_head_json":{"title":"Privacy Policy -","robots":{"index":"noindex","follow":"follow"},"og_locale":"de_DE","og_type":"article","og_title":"Privacy Policy -","og_description":"Privacy Policy IntroductionThis privacy policy explains how Around Albania collects, uses, and protects the personal data&hellip;","og_url":"https:\/\/around-albania.com\/de\/privacy-policy\/","og_site_name":"Around Albania","article_publisher":"https:\/\/www.facebook.com\/people\/Around-Albania\/61559619650718\/","article_modified_time":"2026-04-26T14:21:30+00:00","og_image":[{"width":512,"height":512,"url":"https:\/\/around-albania.com\/wp-content\/uploads\/2026\/04\/cropped-favi.png","type":"image\/png"}],"twitter_card":"summary_large_image","twitter_misc":{"Gesch\u00e4tzte Lesezeit":"2\u00a0Minuten"},"schema":{"@context":"https:\/\/schema.org","@graph":[{"@type":"WebPage","@id":"https:\/\/around-albania.com\/privacy-policy\/","url":"https:\/\/around-albania.com\/privacy-policy\/","name":"Privacy Policy -","isPartOf":{"@id":"https:\/\/around-albania.com\/#website"},"datePublished":"2025-01-25T13:37:25+00:00","dateModified":"2026-04-26T14:21:30+00:00","breadcrumb":{"@id":"https:\/\/around-albania.com\/privacy-policy\/#breadcrumb"},"inLanguage":"de","potentialAction":[{"@type":"ReadAction","target":["https:\/\/around-albania.com\/privacy-policy\/"]}]},{"@type":"BreadcrumbList","@id":"https:\/\/around-albania.com\/privacy-policy\/#breadcrumb","itemListElement":[{"@type":"ListItem","position":1,"name":"Home","item":"https:\/\/around-albania.com\/"},{"@type":"ListItem","position":2,"name":"Privacy Policy"}]},{"@type":"WebSite","@id":"https:\/\/around-albania.com\/#website","url":"https:\/\/around-albania.com\/","name":"Rund um Albanien","description":"","publisher":{"@id":"https:\/\/around-albania.com\/#organization"},"potentialAction":[{"@type":"SearchAction","target":{"@type":"EntryPoint","urlTemplate":"https:\/\/around-albania.com\/?s={search_term_string}"},"query-input":{"@type":"PropertyValueSpecification","valueRequired":true,"valueName":"search_term_string"}}],"inLanguage":"de"},{"@type":"Organization","@id":"https:\/\/around-albania.com\/#organization","name":"Rund um Albanien","url":"https:\/\/around-albania.com\/","logo":{"@type":"ImageObject","inLanguage":"de","@id":"https:\/\/around-albania.com\/#\/schema\/logo\/image\/","url":"https:\/\/around-albania.com\/wp-content\/uploads\/2026\/04\/logo.png","contentUrl":"https:\/\/around-albania.com\/wp-content\/uploads\/2026\/04\/logo.png","width":500,"height":500,"caption":"Around Albania"},"image":{"@id":"https:\/\/around-albania.com\/#\/schema\/logo\/image\/"},"sameAs":["https:\/\/www.facebook.com\/people\/Around-Albania\/61559619650718\/","https:\/\/www.instagram.com\/around_albaniaa\/"]}]}},"_links":{"self":[{"href":"https:\/\/around-albania.com\/de\/wp-json\/wp\/v2\/pages\/3","targetHints":{"allow":["GET"]}}],"collection":[{"href":"https:\/\/around-albania.com\/de\/wp-json\/wp\/v2\/pages"}],"about":[{"href":"https:\/\/around-albania.com\/de\/wp-json\/wp\/v2\/types\/page"}],"author":[{"embeddable":true,"href":"https:\/\/around-albania.com\/de\/wp-json\/wp\/v2\/users\/1"}],"replies":[{"embeddable":true,"href":"https:\/\/around-albania.com\/de\/wp-json\/wp\/v2\/comments?post=3"}],"version-history":[{"count":0,"href":"https:\/\/around-albania.com\/de\/wp-json\/wp\/v2\/pages\/3\/revisions"}],"wp:attachment":[{"href":"https:\/\/around-albania.com\/de\/wp-json\/wp\/v2\/media?parent=3"}],"curies":[{"name":"wp","href":"https:\/\/api.w.org\/{rel}","templated":true}]}}